{"id":14,"date":"2025-12-04T15:42:03","date_gmt":"2025-12-04T15:42:03","guid":{"rendered":"https:\/\/planor.pt\/?page_id=14"},"modified":"2025-12-05T20:55:34","modified_gmt":"2025-12-05T20:55:34","slug":"home","status":"publish","type":"page","link":"https:\/\/planor.pt\/en\/","title":{"rendered":"Home"},"content":{"rendered":"<div data-elementor-type=\"wp-page\" data-elementor-id=\"14\" class=\"elementor elementor-14\">\n\t\t\t\t<div class=\"elementor-element elementor-element-2ea3bd3 e-con-full e-flex e-con e-parent\" data-id=\"2ea3bd3\" data-element_type=\"container\" data-settings=\"{&quot;background_background&quot;:&quot;classic&quot;}\">\n\t\t<div class=\"elementor-element elementor-element-9c88457 e-con-full e-flex e-con e-child\" data-id=\"9c88457\" data-element_type=\"container\">\n\t\t\t\t<div class=\"elementor-element elementor-element-e163eb0 elementor-widget elementor-widget-heading\" data-id=\"e163eb0\" data-element_type=\"widget\" data-widget_type=\"heading.default\">\n\t\t\t\t\t<h1 class=\"elementor-heading-title elementor-size-default\">Innovation, expertise\n<br>and responsibility<\/h1>\t\t\t\t<\/div>\n\t\t\t\t<div class=\"elementor-element elementor-element-a1aa9e6 elementor-widget__width-initial elementor-widget elementor-widget-text-editor\" data-id=\"a1aa9e6\" data-element_type=\"widget\" data-widget_type=\"text-editor.default\">\n\t\t\t\t\t\t\t\t\t<p>Installation and maintenance services in the field of safety engineering.<\/p>\t\t\t\t\t\t\t\t<\/div>\n\t\t\t\t<\/div>\n\t\t\t\t<\/div>\n\t\t<div class=\"elementor-element elementor-element-cf157c9 e-flex e-con-boxed e-con e-parent\" data-id=\"cf157c9\" data-element_type=\"container\" data-settings=\"{&quot;background_background&quot;:&quot;classic&quot;}\">\n\t\t\t\t\t<div class=\"e-con-inner\">\n\t\t\t\t<div class=\"elementor-element elementor-element-070099b elementor-widget elementor-widget-heading\" data-id=\"070099b\" data-element_type=\"widget\" data-widget_type=\"heading.default\">\n\t\t\t\t\t<h2 class=\"elementor-heading-title elementor-size-default\">Vision, Mission and Values<\/h2>\t\t\t\t<\/div>\n\t\t\t\t\t<\/div>\n\t\t\t\t<\/div>\n\t\t<div class=\"elementor-element elementor-element-060f613 e-grid e-con-boxed e-con e-parent\" data-id=\"060f613\" data-element_type=\"container\" data-settings=\"{&quot;background_background&quot;:&quot;classic&quot;}\">\n\t\t\t\t\t<div class=\"e-con-inner\">\n\t\t<div class=\"elementor-element elementor-element-a723354 e-con-full e-flex e-con e-child\" data-id=\"a723354\" data-element_type=\"container\" data-settings=\"{&quot;background_background&quot;:&quot;classic&quot;}\">\n\t\t\t\t<div class=\"elementor-element elementor-element-df28cd6 elementor-widget elementor-widget-heading\" data-id=\"df28cd6\" data-element_type=\"widget\" data-widget_type=\"heading.default\">\n\t\t\t\t\t<h3 class=\"elementor-heading-title elementor-size-default\">Services<\/h3>\t\t\t\t<\/div>\n\t\t\t\t<div class=\"elementor-element elementor-element-0d5b61e elementor-widget elementor-widget-text-editor\" data-id=\"0d5b61e\" data-element_type=\"widget\" data-widget_type=\"text-editor.default\">\n\t\t\t\t\t\t\t\t\t<p>We provide installation and maintenance services in the field of safety engineering.<\/p>\t\t\t\t\t\t\t\t<\/div>\n\t\t\t\t<\/div>\n\t\t<div class=\"elementor-element elementor-element-2a5d90a e-con-full e-flex e-con e-child\" data-id=\"2a5d90a\" data-element_type=\"container\" data-settings=\"{&quot;background_background&quot;:&quot;classic&quot;}\">\n\t\t\t\t<div class=\"elementor-element elementor-element-d9ade66 elementor-widget elementor-widget-heading\" data-id=\"d9ade66\" data-element_type=\"widget\" data-widget_type=\"heading.default\">\n\t\t\t\t\t<h3 class=\"elementor-heading-title elementor-size-default\">Mission<\/h3>\t\t\t\t<\/div>\n\t\t\t\t<div class=\"elementor-element elementor-element-fb166a1 elementor-widget elementor-widget-text-editor\" data-id=\"fb166a1\" data-element_type=\"widget\" data-widget_type=\"text-editor.default\">\n\t\t\t\t\t\t\t\t\t<p>To offer high-quality services for our clients.<\/p>\t\t\t\t\t\t\t\t<\/div>\n\t\t\t\t<\/div>\n\t\t<div class=\"elementor-element elementor-element-dbbc9fe e-con-full e-flex e-con e-child\" data-id=\"dbbc9fe\" data-element_type=\"container\" data-settings=\"{&quot;background_background&quot;:&quot;classic&quot;}\">\n\t\t\t\t<div class=\"elementor-element elementor-element-29cbd64 elementor-widget elementor-widget-heading\" data-id=\"29cbd64\" data-element_type=\"widget\" data-widget_type=\"heading.default\">\n\t\t\t\t\t<h3 class=\"elementor-heading-title elementor-size-default\">Value<\/h3>\t\t\t\t<\/div>\n\t\t\t\t<div class=\"elementor-element elementor-element-5413034 elementor-widget elementor-widget-text-editor\" data-id=\"5413034\" data-element_type=\"widget\" data-widget_type=\"text-editor.default\">\n\t\t\t\t\t\t\t\t\t<p>Ensuring adequate<br \/>after-sales service.<\/p>\t\t\t\t\t\t\t\t<\/div>\n\t\t\t\t<\/div>\n\t\t<div class=\"elementor-element elementor-element-832dace e-con-full e-flex e-con e-child\" data-id=\"832dace\" data-element_type=\"container\" data-settings=\"{&quot;background_background&quot;:&quot;classic&quot;}\">\n\t\t\t\t<div class=\"elementor-element elementor-element-129d946 elementor-widget elementor-widget-heading\" data-id=\"129d946\" data-element_type=\"widget\" data-widget_type=\"heading.default\">\n\t\t\t\t\t<h3 class=\"elementor-heading-title elementor-size-default\">Experience<\/h3>\t\t\t\t<\/div>\n\t\t\t\t<div class=\"elementor-element elementor-element-902dea0 elementor-widget elementor-widget-text-editor\" data-id=\"902dea0\" data-element_type=\"widget\" data-widget_type=\"text-editor.default\">\n\t\t\t\t\t\t\t\t\t<p>Our technicians have extensive experience and undergo continuous training.<\/p>\t\t\t\t\t\t\t\t<\/div>\n\t\t\t\t<\/div>\n\t\t\t\t\t<\/div>\n\t\t\t\t<\/div>\n\t\t<div class=\"elementor-element elementor-element-9fbc4d8 e-flex e-con-boxed e-con e-parent\" data-id=\"9fbc4d8\" data-element_type=\"container\" data-settings=\"{&quot;background_background&quot;:&quot;classic&quot;}\">\n\t\t\t\t\t<div class=\"e-con-inner\">\n\t\t\t\t<div class=\"elementor-element elementor-element-2eb9a0b elementor-widget elementor-widget-text-editor\" data-id=\"2eb9a0b\" data-element_type=\"widget\" data-widget_type=\"text-editor.default\">\n\t\t\t\t\t\t\t\t\t<p>We also have an equipment sales department <br \/>where you can find the solution you are looking for.<\/p>\t\t\t\t\t\t\t\t<\/div>\n\t\t\t\t<div class=\"elementor-element elementor-element-a7d6811 elementor-align-center elementor-widget elementor-widget-button\" data-id=\"a7d6811\" data-element_type=\"widget\" data-widget_type=\"button.default\">\n\t\t\t\t\t\t\t\t\t\t<a class=\"elementor-button elementor-button-link elementor-size-sm\" href=\"https:\/\/planor.pt\/en\/servicos\/\">\n\t\t\t\t\t\t<span class=\"elementor-button-content-wrapper\">\n\t\t\t\t\t\t\t\t\t<span class=\"elementor-button-text\">Know more<\/span>\n\t\t\t\t\t<\/span>\n\t\t\t\t\t<\/a>\n\t\t\t\t\t\t\t\t<\/div>\n\t\t\t\t\t<\/div>\n\t\t\t\t<\/div>\n\t\t\t\t<\/div>","protected":false},"excerpt":{"rendered":"<p>Inova\u00e7\u00e3o, compet\u00eancia e responsabilidade Servi\u00e7os de instala\u00e7\u00e3o e manuten\u00e7\u00e3o na \u00e1rea de engenharia de seguran\u00e7a. Vis\u00e3o, Miss\u00e3o e Valores Servi\u00e7os [&hellip;]<\/p>","protected":false},"author":1,"featured_media":0,"parent":0,"menu_order":0,"comment_status":"closed","ping_status":"closed","template":"elementor_header_footer","meta":{"site-sidebar-layout":"no-sidebar","site-content-layout":"plain-container","ast-site-content-layout":"full-width-container","site-content-style":"default","site-sidebar-style":"default","ast-global-header-display":"","ast-banner-title-visibility":"","ast-main-header-display":"","ast-hfb-above-header-display":"","ast-hfb-below-header-display":"","ast-hfb-mobile-header-display":"","site-post-title":"disabled","ast-breadcrumbs-content":"","ast-featured-img":"disabled","footer-sml-layout":"","theme-transparent-header-meta":"enabled","adv-header-id-meta":"","stick-header-meta":"","header-above-stick-meta":"","header-main-stick-meta":"","header-below-stick-meta":"","astra-migrate-meta-layouts":"default","ast-page-background-enabled":"default","ast-page-background-meta":{"desktop":{"background-color":"var(--ast-global-color-5)","background-image":"","background-repeat":"repeat","background-position":"center center","background-size":"auto","background-attachment":"scroll","background-type":"","background-media":"","overlay-type":"","overlay-color":"","overlay-opacity":"","overlay-gradient":""},"tablet":{"background-color":"","background-image":"","background-repeat":"repeat","background-position":"center center","background-size":"auto","background-attachment":"scroll","background-type":"","background-media":"","overlay-type":"","overlay-color":"","overlay-opacity":"","overlay-gradient":""},"mobile":{"background-color":"","background-image":"","background-repeat":"repeat","background-position":"center center","background-size":"auto","background-attachment":"scroll","background-type":"","background-media":"","overlay-type":"","overlay-color":"","overlay-opacity":"","overlay-gradient":""}},"ast-content-background-meta":{"desktop":{"background-color":"var(--ast-global-color-4)","background-image":"","background-repeat":"repeat","background-position":"center center","background-size":"auto","background-attachment":"scroll","background-type":"","background-media":"","overlay-type":"","overlay-color":"","overlay-opacity":"","overlay-gradient":""},"tablet":{"background-color":"var(--ast-global-color-4)","background-image":"","background-repeat":"repeat","background-position":"center center","background-size":"auto","background-attachment":"scroll","background-type":"","background-media":"","overlay-type":"","overlay-color":"","overlay-opacity":"","overlay-gradient":""},"mobile":{"background-color":"var(--ast-global-color-4)","background-image":"","background-repeat":"repeat","background-position":"center center","background-size":"auto","background-attachment":"scroll","background-type":"","background-media":"","overlay-type":"","overlay-color":"","overlay-opacity":"","overlay-gradient":""}},"footnotes":""},"class_list":["post-14","page","type-page","status-publish","hentry"],"yoast_head":"<!-- This site is optimized with the Yoast SEO plugin v26.5 - https:\/\/yoast.com\/wordpress\/plugins\/seo\/ -->\n<title>Plano R - Solu\u00e7\u00f5es de Seguran\u00e7a<\/title>\n<meta name=\"description\" content=\"Prestamos servi\u00e7os de instala\u00e7\u00e3o e manuten\u00e7\u00e3o na \u00e1rea de engenharia de seguran\u00e7a.\" \/>\n<meta name=\"robots\" content=\"index, follow, max-snippet:-1, max-image-preview:large, max-video-preview:-1\" \/>\n<link rel=\"canonical\" href=\"https:\/\/planor.pt\/en\/\" \/>\n<meta property=\"og:locale\" content=\"en_GB\" \/>\n<meta property=\"og:type\" content=\"article\" \/>\n<meta property=\"og:title\" content=\"Plano R - Solu\u00e7\u00f5es de Seguran\u00e7a\" \/>\n<meta property=\"og:description\" content=\"Prestamos servi\u00e7os de instala\u00e7\u00e3o e manuten\u00e7\u00e3o na \u00e1rea de engenharia de seguran\u00e7a.\" \/>\n<meta property=\"og:url\" content=\"https:\/\/planor.pt\/en\/\" \/>\n<meta property=\"og:site_name\" content=\"Plano R\" \/>\n<meta property=\"article:publisher\" content=\"https:\/\/www.facebook.com\/people\/Plano-R-Lda\/100063208450347\/\" \/>\n<meta property=\"article:modified_time\" content=\"2025-12-05T20:55:34+00:00\" \/>\n<meta property=\"og:image\" content=\"https:\/\/planor.pt\/wp-content\/uploads\/2025\/12\/equipment.jpg\" \/>\n\t<meta property=\"og:image:width\" content=\"500\" \/>\n\t<meta property=\"og:image:height\" content=\"300\" \/>\n\t<meta property=\"og:image:type\" content=\"image\/jpeg\" \/>\n<meta name=\"twitter:card\" content=\"summary_large_image\" \/>\n<meta name=\"twitter:label1\" content=\"Estimated reading time\" \/>\n\t<meta name=\"twitter:data1\" content=\"1 minute\" \/>\n<script type=\"application\/ld+json\" class=\"yoast-schema-graph\">{\"@context\":\"https:\/\/schema.org\",\"@graph\":[{\"@type\":\"WebPage\",\"@id\":\"https:\/\/planor.pt\/\",\"url\":\"https:\/\/planor.pt\/\",\"name\":\"Plano R - Solu\u00e7\u00f5es de Seguran\u00e7a\",\"isPartOf\":{\"@id\":\"https:\/\/planor.pt\/#website\"},\"datePublished\":\"2025-12-04T15:42:03+00:00\",\"dateModified\":\"2025-12-05T20:55:34+00:00\",\"description\":\"Prestamos servi\u00e7os de instala\u00e7\u00e3o e manuten\u00e7\u00e3o na \u00e1rea de engenharia de seguran\u00e7a.\",\"breadcrumb\":{\"@id\":\"https:\/\/planor.pt\/#breadcrumb\"},\"inLanguage\":\"en-GB\",\"potentialAction\":[{\"@type\":\"ReadAction\",\"target\":[\"https:\/\/planor.pt\/\"]}]},{\"@type\":\"BreadcrumbList\",\"@id\":\"https:\/\/planor.pt\/#breadcrumb\",\"itemListElement\":[{\"@type\":\"ListItem\",\"position\":1,\"name\":\"In\u00edcio\",\"item\":\"https:\/\/planor.pt\/\"},{\"@type\":\"ListItem\",\"position\":2,\"name\":\"Home\"}]},{\"@type\":\"WebSite\",\"@id\":\"https:\/\/planor.pt\/#website\",\"url\":\"https:\/\/planor.pt\/\",\"name\":\"Plano R\",\"description\":\"Instala\u00e7\u00e3o e Manuten\u00e7\u00e3o T\u00e9cnica, Lda.\",\"publisher\":{\"@id\":\"https:\/\/planor.pt\/#organization\"},\"potentialAction\":[{\"@type\":\"SearchAction\",\"target\":{\"@type\":\"EntryPoint\",\"urlTemplate\":\"https:\/\/planor.pt\/?s={search_term_string}\"},\"query-input\":{\"@type\":\"PropertyValueSpecification\",\"valueRequired\":true,\"valueName\":\"search_term_string\"}}],\"inLanguage\":\"en-GB\"},{\"@type\":\"Organization\",\"@id\":\"https:\/\/planor.pt\/#organization\",\"name\":\"Plano R\",\"url\":\"https:\/\/planor.pt\/\",\"logo\":{\"@type\":\"ImageObject\",\"inLanguage\":\"en-GB\",\"@id\":\"https:\/\/planor.pt\/#\/schema\/logo\/image\/\",\"url\":\"https:\/\/planor.pt\/wp-content\/uploads\/2025\/12\/planor_logo_white-e1764887385456.png\",\"contentUrl\":\"https:\/\/planor.pt\/wp-content\/uploads\/2025\/12\/planor_logo_white-e1764887385456.png\",\"width\":363,\"height\":87,\"caption\":\"Plano R\"},\"image\":{\"@id\":\"https:\/\/planor.pt\/#\/schema\/logo\/image\/\"},\"sameAs\":[\"https:\/\/www.facebook.com\/people\/Plano-R-Lda\/100063208450347\/\"]}]}<\/script>\n<!-- \/ Yoast SEO plugin. -->","yoast_head_json":{"title":"Plano R - Solu\u00e7\u00f5es de Seguran\u00e7a","description":"We provide installation and maintenance services in the field of safety engineering.","robots":{"index":"index","follow":"follow","max-snippet":"max-snippet:-1","max-image-preview":"max-image-preview:large","max-video-preview":"max-video-preview:-1"},"canonical":"https:\/\/planor.pt\/en\/","og_locale":"en_GB","og_type":"article","og_title":"Plano R - Solu\u00e7\u00f5es de Seguran\u00e7a","og_description":"Prestamos servi\u00e7os de instala\u00e7\u00e3o e manuten\u00e7\u00e3o na \u00e1rea de engenharia de seguran\u00e7a.","og_url":"https:\/\/planor.pt\/en\/","og_site_name":"Plano R","article_publisher":"https:\/\/www.facebook.com\/people\/Plano-R-Lda\/100063208450347\/","article_modified_time":"2025-12-05T20:55:34+00:00","og_image":[{"width":500,"height":300,"url":"https:\/\/planor.pt\/wp-content\/uploads\/2025\/12\/equipment.jpg","type":"image\/jpeg"}],"twitter_card":"summary_large_image","twitter_misc":{"Estimated reading time":"1 minute"},"schema":{"@context":"https:\/\/schema.org","@graph":[{"@type":"WebPage","@id":"https:\/\/planor.pt\/","url":"https:\/\/planor.pt\/","name":"Plano R - Solu\u00e7\u00f5es de Seguran\u00e7a","isPartOf":{"@id":"https:\/\/planor.pt\/#website"},"datePublished":"2025-12-04T15:42:03+00:00","dateModified":"2025-12-05T20:55:34+00:00","description":"We provide installation and maintenance services in the field of safety engineering.","breadcrumb":{"@id":"https:\/\/planor.pt\/#breadcrumb"},"inLanguage":"en-GB","potentialAction":[{"@type":"ReadAction","target":["https:\/\/planor.pt\/"]}]},{"@type":"BreadcrumbList","@id":"https:\/\/planor.pt\/#breadcrumb","itemListElement":[{"@type":"ListItem","position":1,"name":"In\u00edcio","item":"https:\/\/planor.pt\/"},{"@type":"ListItem","position":2,"name":"Home"}]},{"@type":"WebSite","@id":"https:\/\/planor.pt\/#website","url":"https:\/\/planor.pt\/","name":"Plano R","description":"Instala\u00e7\u00e3o e Manuten\u00e7\u00e3o T\u00e9cnica, Lda.","publisher":{"@id":"https:\/\/planor.pt\/#organization"},"potentialAction":[{"@type":"SearchAction","target":{"@type":"EntryPoint","urlTemplate":"https:\/\/planor.pt\/?s={search_term_string}"},"query-input":{"@type":"PropertyValueSpecification","valueRequired":true,"valueName":"search_term_string"}}],"inLanguage":"en-GB"},{"@type":"Organization","@id":"https:\/\/planor.pt\/#organization","name":"Plano R","url":"https:\/\/planor.pt\/","logo":{"@type":"ImageObject","inLanguage":"en-GB","@id":"https:\/\/planor.pt\/#\/schema\/logo\/image\/","url":"https:\/\/planor.pt\/wp-content\/uploads\/2025\/12\/planor_logo_white-e1764887385456.png","contentUrl":"https:\/\/planor.pt\/wp-content\/uploads\/2025\/12\/planor_logo_white-e1764887385456.png","width":363,"height":87,"caption":"Plano R"},"image":{"@id":"https:\/\/planor.pt\/#\/schema\/logo\/image\/"},"sameAs":["https:\/\/www.facebook.com\/people\/Plano-R-Lda\/100063208450347\/"]}]}},"_links":{"self":[{"href":"https:\/\/planor.pt\/en\/wp-json\/wp\/v2\/pages\/14","targetHints":{"allow":["GET"]}}],"collection":[{"href":"https:\/\/planor.pt\/en\/wp-json\/wp\/v2\/pages"}],"about":[{"href":"https:\/\/planor.pt\/en\/wp-json\/wp\/v2\/types\/page"}],"author":[{"embeddable":true,"href":"https:\/\/planor.pt\/en\/wp-json\/wp\/v2\/users\/1"}],"replies":[{"embeddable":true,"href":"https:\/\/planor.pt\/en\/wp-json\/wp\/v2\/comments?post=14"}],"version-history":[{"count":100,"href":"https:\/\/planor.pt\/en\/wp-json\/wp\/v2\/pages\/14\/revisions"}],"predecessor-version":[{"id":326,"href":"https:\/\/planor.pt\/en\/wp-json\/wp\/v2\/pages\/14\/revisions\/326"}],"wp:attachment":[{"href":"https:\/\/planor.pt\/en\/wp-json\/wp\/v2\/media?parent=14"}],"curies":[{"name":"wp","href":"https:\/\/api.w.org\/{rel}","templated":true}]}}