{"id":132,"date":"2025-12-04T17:14:51","date_gmt":"2025-12-04T17:14:51","guid":{"rendered":"https:\/\/planor.pt\/?page_id=132"},"modified":"2025-12-05T20:56:49","modified_gmt":"2025-12-05T20:56:49","slug":"contactos","status":"publish","type":"page","link":"https:\/\/planor.pt\/en\/contactos\/","title":{"rendered":"Contactos"},"content":{"rendered":"<div data-elementor-type=\"wp-page\" data-elementor-id=\"132\" class=\"elementor elementor-132\">\n\t\t\t\t<div class=\"elementor-element elementor-element-afda463 e-con-full e-flex e-con e-parent\" data-id=\"afda463\" data-element_type=\"container\" data-settings=\"{&quot;background_background&quot;:&quot;classic&quot;}\">\n\t\t\t\t<\/div>\n\t\t<div class=\"elementor-element elementor-element-83313c9 e-grid e-con-boxed e-con e-parent\" data-id=\"83313c9\" data-element_type=\"container\">\n\t\t\t\t\t<div class=\"e-con-inner\">\n\t\t\t\t<div class=\"elementor-element elementor-element-0076b4d elementor-widget elementor-widget-wpforms\" data-id=\"0076b4d\" data-element_type=\"widget\" data-widget_type=\"wpforms.default\">\n\t\t\t\t<div class=\"elementor-widget-container\">\n\t\t\t\t\t<div class=\"wpforms-container wpforms-container-full wpforms-render-modern\" id=\"wpforms-183\"><form id=\"wpforms-form-183\" class=\"wpforms-validate wpforms-form wpforms-ajax-form\" data-formid=\"183\" method=\"post\" enctype=\"multipart\/form-data\" action=\"\/en\/wp-json\/wp\/v2\/pages\/132\" data-token=\"d4cb4dd88358144b368bdade630d935d\" data-token-time=\"1776289283\" data-trp-original-action=\"\/en\/wp-json\/wp\/v2\/pages\/132\"><div class=\"wpforms-head-container\"><div class=\"wpforms-title\">Contact us<\/div><\/div><noscript class=\"wpforms-error-noscript\">Please enable JavaScript in your browser to complete this form.<\/noscript><div id=\"wpforms-error-noscript\" style=\"display: none;\">Please enable JavaScript in your browser to complete this form.<\/div><div class=\"wpforms-field-container\"><div id=\"wpforms-183-field_1-container\" class=\"wpforms-field wpforms-field-name\" data-field-id=\"1\"><label class=\"wpforms-field-label wpforms-label-hide\" for=\"wpforms-183-field_1\" aria-hidden=\"false\">Full name <span class=\"wpforms-required-label\" aria-hidden=\"true\">*<\/span><\/label><input type=\"text\" id=\"wpforms-183-field_1\" class=\"wpforms-field-large wpforms-field-required\" name=\"wpforms[fields][1]\" placeholder=\"Full name\" aria-errormessage=\"wpforms-183-field_1-error\" required><\/div><div id=\"wpforms-183-field_5-container\" class=\"wpforms-field wpforms-field-text\" data-field-id=\"5\"><label class=\"wpforms-field-label wpforms-label-hide\" for=\"wpforms-183-field_5\" aria-hidden=\"false\">Telephone Number <span class=\"wpforms-required-label\" aria-hidden=\"true\">*<\/span><\/label><input type=\"text\" id=\"wpforms-183-field_5\" class=\"wpforms-field-large wpforms-field-required\" name=\"wpforms[fields][5]\" placeholder=\"Telephone Number\" aria-errormessage=\"wpforms-183-field_5-error\" required><\/div>\t\t<div id=\"wpforms-183-field_2-container\"\n\t\t\tclass=\"wpforms-field wpforms-field-text\"\n\t\t\tdata-field-type=\"text\"\n\t\t\tdata-field-id=\"2\"\n\t\t\t>\n\t\t\t<label class=\"wpforms-field-label\" for=\"wpforms-183-field_2\" >de N\u00famero Eletr\u00f3nico<\/label>\n\t\t\t<input type=\"text\" id=\"wpforms-183-field_2\" class=\"wpforms-field-medium\" name=\"wpforms[fields][2]\" >\n\t\t<\/div>\n\t\t<div id=\"wpforms-183-field_3-container\" class=\"wpforms-field wpforms-field-email\" data-field-id=\"3\"><label class=\"wpforms-field-label wpforms-label-hide\" for=\"wpforms-183-field_3\" aria-hidden=\"false\">Email <span class=\"wpforms-required-label\" aria-hidden=\"true\">*<\/span><\/label><input type=\"email\" id=\"wpforms-183-field_3\" class=\"wpforms-field-large wpforms-field-required\" name=\"wpforms[fields][3]\" placeholder=\"Email\" spellcheck=\"false\" aria-errormessage=\"wpforms-183-field_3-error\" required><\/div><div id=\"wpforms-183-field_4-container\" class=\"wpforms-field wpforms-field-textarea\" data-field-id=\"4\"><label class=\"wpforms-field-label wpforms-label-hide\" for=\"wpforms-183-field_4\" aria-hidden=\"false\">Message <span class=\"wpforms-required-label\" aria-hidden=\"true\">*<\/span><\/label><textarea id=\"wpforms-183-field_4\" class=\"wpforms-field-medium wpforms-field-required wpforms-limit-characters-enabled\" data-form-id=\"183\" data-field-id=\"4\" data-text-limit=\"3000\" name=\"wpforms[fields][4]\" placeholder=\"Message\" aria-errormessage=\"wpforms-183-field_4-error\" maxlength=\"3000\" required><\/textarea><\/div><script>\n\t\t\t\t( function() {\n\t\t\t\t\tconst style = document.createElement( 'style' );\n\t\t\t\t\tstyle.appendChild( document.createTextNode( '#wpforms-183-field_2-container { position: absolute !important; overflow: hidden !important; display: inline !important; height: 1px !important; width: 1px !important; z-index: -1000 !important; padding: 0 !important; } #wpforms-183-field_2-container input { visibility: hidden; } #wpforms-conversational-form-page #wpforms-183-field_2-container label { counter-increment: none; }' ) );\n\t\t\t\t\tdocument.head.appendChild( style );\n\t\t\t\t\tdocument.currentScript?.remove();\n\t\t\t\t} )();\n\t\t\t<\/script><\/div><!-- .wpforms-field-container --><div class=\"wpforms-submit-container\" ><input type=\"hidden\" name=\"wpforms[id]\" value=\"183\"><input type=\"hidden\" name=\"page_title\" value=\"\"><input type=\"hidden\" name=\"page_url\" value=\"https:\/\/planor.pt\/en\/wp-json\/wp\/v2\/pages\/132\"><input type=\"hidden\" name=\"url_referer\" value=\"\"><button type=\"submit\" name=\"wpforms[submit]\" id=\"wpforms-submit-183\" class=\"wpforms-submit\" data-alt-text=\"A enviar...\" data-submit-text=\"Enviar Mensagem\" aria-live=\"assertive\" value=\"wpforms-submit\">Send Message<\/button><img decoding=\"async\" src=\"https:\/\/planor.pt\/wp-content\/plugins\/wpforms-lite\/assets\/images\/submit-spin.svg\" class=\"wpforms-submit-spinner\" style=\"display: none;\" width=\"26\" height=\"26\" alt=\"Loading\"><\/div><input type=\"hidden\" name=\"trp-form-language\" value=\"en\"\/><\/form><\/div>  <!-- .wpforms-container -->\t\t\t\t<\/div>\n\t\t\t\t<\/div>\n\t\t<div class=\"elementor-element elementor-element-e3cb6ca e-con-full e-flex e-con e-child\" data-id=\"e3cb6ca\" data-element_type=\"container\">\n\t\t\t\t<div class=\"elementor-element elementor-element-c0486fa elementor-widget elementor-widget-heading\" data-id=\"c0486fa\" data-element_type=\"widget\" data-widget_type=\"heading.default\">\n\t\t\t\t\t<h3 class=\"elementor-heading-title elementor-size-default\">Details<\/h3>\t\t\t\t<\/div>\n\t\t<div class=\"elementor-element elementor-element-18c163d e-con-full e-flex e-con e-child\" data-id=\"18c163d\" data-element_type=\"container\">\n\t\t\t\t<div class=\"elementor-element elementor-element-caa3a55 elementor-view-default elementor-widget elementor-widget-icon\" data-id=\"caa3a55\" data-element_type=\"widget\" data-widget_type=\"icon.default\">\n\t\t\t\t\t\t\t<div class=\"elementor-icon-wrapper\">\n\t\t\t<div class=\"elementor-icon\">\n\t\t\t<svg aria-hidden=\"true\" class=\"e-font-icon-svg e-fas-map-pin\" viewbox=\"0 0 288 512\" xmlns=\"http:\/\/www.w3.org\/2000\/svg\"><path d=\"M112 316.94v156.69l22.02 33.02c4.75 7.12 15.22 7.12 19.97 0L176 473.63V316.94c-10.39 1.92-21.06 3.06-32 3.06s-21.61-1.14-32-3.06zM144 0C64.47 0 0 64.47 0 144s64.47 144 144 144 144-64.47 144-144S223.53 0 144 0zm0 76c-37.5 0-68 30.5-68 68 0 6.62-5.38 12-12 12s-12-5.38-12-12c0-50.73 41.28-92 92-92 6.62 0 12 5.38 12 12s-5.38 12-12 12z\"><\/path><\/svg>\t\t\t<\/div>\n\t\t<\/div>\n\t\t\t\t\t\t<\/div>\n\t\t\t\t<div class=\"elementor-element elementor-element-227b90c elementor-widget elementor-widget-text-editor\" data-id=\"227b90c\" data-element_type=\"widget\" data-widget_type=\"text-editor.default\">\n\t\t\t\t\t\t\t\t\t<p>Av. Eng\u00ba Duarte Pacheco n\u00ba 207 Loja F <br \/>8135-104 Almancil<\/p>\t\t\t\t\t\t\t\t<\/div>\n\t\t\t\t<\/div>\n\t\t<div class=\"elementor-element elementor-element-cfa7ce8 e-con-full e-flex e-con e-child\" data-id=\"cfa7ce8\" data-element_type=\"container\">\n\t\t\t\t<div class=\"elementor-element elementor-element-f5090b1 elementor-view-default elementor-widget elementor-widget-icon\" data-id=\"f5090b1\" data-element_type=\"widget\" data-widget_type=\"icon.default\">\n\t\t\t\t\t\t\t<div class=\"elementor-icon-wrapper\">\n\t\t\t<div class=\"elementor-icon\">\n\t\t\t<svg aria-hidden=\"true\" class=\"e-font-icon-svg e-fas-phone-alt\" viewbox=\"0 0 512 512\" xmlns=\"http:\/\/www.w3.org\/2000\/svg\"><path d=\"M497.39 361.8l-112-48a24 24 0 0 0-28 6.9l-49.6 60.6A370.66 370.66 0 0 1 130.6 204.11l60.6-49.6a23.94 23.94 0 0 0 6.9-28l-48-112A24.16 24.16 0 0 0 122.6.61l-104 24A24 24 0 0 0 0 48c0 256.5 207.9 464 464 464a24 24 0 0 0 23.4-18.6l24-104a24.29 24.29 0 0 0-14.01-27.6z\"><\/path><\/svg>\t\t\t<\/div>\n\t\t<\/div>\n\t\t\t\t\t\t<\/div>\n\t\t\t\t<div class=\"elementor-element elementor-element-bf04210 elementor-widget elementor-widget-text-editor\" data-id=\"bf04210\" data-element_type=\"widget\" data-widget_type=\"text-editor.default\">\n\t\t\t\t\t\t\t\t\t<p>+351 289 356 149<\/p>\t\t\t\t\t\t\t\t<\/div>\n\t\t\t\t<\/div>\n\t\t\t\t<div class=\"elementor-element elementor-element-9be9e71 elementor-widget elementor-widget-google_maps\" data-id=\"9be9e71\" data-element_type=\"widget\" data-widget_type=\"google_maps.default\">\n\t\t\t\t\t\t\t<div class=\"elementor-custom-embed\">\n\t\t\t<iframe loading=\"lazy\"\n\t\t\t\t\tsrc=\"https:\/\/maps.google.com\/maps?q=Plano%20R&#038;t=m&#038;z=10&#038;output=embed&#038;iwloc=near\"\n\t\t\t\t\ttitle=\"Plano R\"\n\t\t\t\t\taria-label=\"Plano R\"\n\t\t\t><\/iframe>\n\t\t<\/div>\n\t\t\t\t\t\t<\/div>\n\t\t\t\t<\/div>\n\t\t\t\t\t<\/div>\n\t\t\t\t<\/div>\n\t\t\t\t<\/div>","protected":false},"excerpt":{"rendered":"<p>Contacte-nosPlease enable JavaScript in your browser to complete this form.Please enable JavaScript in your browser to complete this form.Nome Completo [&hellip;]<\/p>","protected":false},"author":1,"featured_media":0,"parent":0,"menu_order":0,"comment_status":"closed","ping_status":"closed","template":"","meta":{"site-sidebar-layout":"no-sidebar","site-content-layout":"","ast-site-content-layout":"full-width-container","site-content-style":"default","site-sidebar-style":"default","ast-global-header-display":"","ast-banner-title-visibility":"","ast-main-header-display":"","ast-hfb-above-header-display":"","ast-hfb-below-header-display":"","ast-hfb-mobile-header-display":"","site-post-title":"disabled","ast-breadcrumbs-content":"","ast-featured-img":"disabled","footer-sml-layout":"","theme-transparent-header-meta":"","adv-header-id-meta":"","stick-header-meta":"","header-above-stick-meta":"","header-main-stick-meta":"","header-below-stick-meta":"","astra-migrate-meta-layouts":"default","ast-page-background-enabled":"default","ast-page-background-meta":{"desktop":{"background-color":"var(--ast-global-color-5)","background-image":"","background-repeat":"repeat","background-position":"center center","background-size":"auto","background-attachment":"scroll","background-type":"","background-media":"","overlay-type":"","overlay-color":"","overlay-opacity":"","overlay-gradient":""},"tablet":{"background-color":"","background-image":"","background-repeat":"repeat","background-position":"center center","background-size":"auto","background-attachment":"scroll","background-type":"","background-media":"","overlay-type":"","overlay-color":"","overlay-opacity":"","overlay-gradient":""},"mobile":{"background-color":"","background-image":"","background-repeat":"repeat","background-position":"center center","background-size":"auto","background-attachment":"scroll","background-type":"","background-media":"","overlay-type":"","overlay-color":"","overlay-opacity":"","overlay-gradient":""}},"ast-content-background-meta":{"desktop":{"background-color":"var(--ast-global-color-4)","background-image":"","background-repeat":"repeat","background-position":"center center","background-size":"auto","background-attachment":"scroll","background-type":"","background-media":"","overlay-type":"","overlay-color":"","overlay-opacity":"","overlay-gradient":""},"tablet":{"background-color":"var(--ast-global-color-4)","background-image":"","background-repeat":"repeat","background-position":"center center","background-size":"auto","background-attachment":"scroll","background-type":"","background-media":"","overlay-type":"","overlay-color":"","overlay-opacity":"","overlay-gradient":""},"mobile":{"background-color":"var(--ast-global-color-4)","background-image":"","background-repeat":"repeat","background-position":"center center","background-size":"auto","background-attachment":"scroll","background-type":"","background-media":"","overlay-type":"","overlay-color":"","overlay-opacity":"","overlay-gradient":""}},"footnotes":""},"class_list":["post-132","page","type-page","status-publish","hentry"],"yoast_head":"<!-- This site is optimized with the Yoast SEO plugin v26.5 - https:\/\/yoast.com\/wordpress\/plugins\/seo\/ -->\n<title>Contactos - Plano R<\/title>\n<meta name=\"description\" content=\"Entre em contacto conosco hoje mesmo e obtenha respostas r\u00e1pidas e solu\u00e7\u00f5es personalizadas.&quot;\" \/>\n<meta name=\"robots\" content=\"index, follow, max-snippet:-1, max-image-preview:large, max-video-preview:-1\" \/>\n<link rel=\"canonical\" href=\"https:\/\/planor.pt\/en\/contactos\/\" \/>\n<meta property=\"og:locale\" content=\"en_GB\" \/>\n<meta property=\"og:type\" content=\"article\" \/>\n<meta property=\"og:title\" content=\"Contactos - Plano R\" \/>\n<meta property=\"og:description\" content=\"Entre em contacto conosco hoje mesmo e obtenha respostas r\u00e1pidas e solu\u00e7\u00f5es personalizadas.&quot;\" \/>\n<meta property=\"og:url\" content=\"https:\/\/planor.pt\/en\/contactos\/\" \/>\n<meta property=\"og:site_name\" content=\"Plano R\" \/>\n<meta property=\"article:publisher\" content=\"https:\/\/www.facebook.com\/people\/Plano-R-Lda\/100063208450347\/\" \/>\n<meta property=\"article:modified_time\" content=\"2025-12-05T20:56:49+00:00\" \/>\n<meta property=\"og:image\" content=\"https:\/\/planor.pt\/wp-content\/plugins\/wpforms-lite\/assets\/images\/submit-spin.svg\" \/>\n<meta name=\"twitter:card\" content=\"summary_large_image\" \/>\n<meta name=\"twitter:label1\" content=\"Estimated reading time\" \/>\n\t<meta name=\"twitter:data1\" content=\"1 minute\" \/>\n<script type=\"application\/ld+json\" class=\"yoast-schema-graph\">{\"@context\":\"https:\/\/schema.org\",\"@graph\":[{\"@type\":\"WebPage\",\"@id\":\"https:\/\/planor.pt\/contactos\/\",\"url\":\"https:\/\/planor.pt\/contactos\/\",\"name\":\"Contactos - Plano R\",\"isPartOf\":{\"@id\":\"https:\/\/planor.pt\/#website\"},\"primaryImageOfPage\":{\"@id\":\"https:\/\/planor.pt\/contactos\/#primaryimage\"},\"image\":{\"@id\":\"https:\/\/planor.pt\/contactos\/#primaryimage\"},\"thumbnailUrl\":\"https:\/\/planor.pt\/wp-content\/plugins\/wpforms-lite\/assets\/images\/submit-spin.svg\",\"datePublished\":\"2025-12-04T17:14:51+00:00\",\"dateModified\":\"2025-12-05T20:56:49+00:00\",\"description\":\"Entre em contacto conosco hoje mesmo e obtenha respostas r\u00e1pidas e solu\u00e7\u00f5es personalizadas.\\\"\",\"breadcrumb\":{\"@id\":\"https:\/\/planor.pt\/contactos\/#breadcrumb\"},\"inLanguage\":\"en-GB\",\"potentialAction\":[{\"@type\":\"ReadAction\",\"target\":[\"https:\/\/planor.pt\/contactos\/\"]}]},{\"@type\":\"ImageObject\",\"inLanguage\":\"en-GB\",\"@id\":\"https:\/\/planor.pt\/contactos\/#primaryimage\",\"url\":\"https:\/\/planor.pt\/wp-content\/plugins\/wpforms-lite\/assets\/images\/submit-spin.svg\",\"contentUrl\":\"https:\/\/planor.pt\/wp-content\/plugins\/wpforms-lite\/assets\/images\/submit-spin.svg\"},{\"@type\":\"BreadcrumbList\",\"@id\":\"https:\/\/planor.pt\/contactos\/#breadcrumb\",\"itemListElement\":[{\"@type\":\"ListItem\",\"position\":1,\"name\":\"In\u00edcio\",\"item\":\"https:\/\/planor.pt\/\"},{\"@type\":\"ListItem\",\"position\":2,\"name\":\"Contactos\"}]},{\"@type\":\"WebSite\",\"@id\":\"https:\/\/planor.pt\/#website\",\"url\":\"https:\/\/planor.pt\/\",\"name\":\"Plano R\",\"description\":\"Instala\u00e7\u00e3o e Manuten\u00e7\u00e3o T\u00e9cnica, Lda.\",\"publisher\":{\"@id\":\"https:\/\/planor.pt\/#organization\"},\"potentialAction\":[{\"@type\":\"SearchAction\",\"target\":{\"@type\":\"EntryPoint\",\"urlTemplate\":\"https:\/\/planor.pt\/?s={search_term_string}\"},\"query-input\":{\"@type\":\"PropertyValueSpecification\",\"valueRequired\":true,\"valueName\":\"search_term_string\"}}],\"inLanguage\":\"en-GB\"},{\"@type\":\"Organization\",\"@id\":\"https:\/\/planor.pt\/#organization\",\"name\":\"Plano R\",\"url\":\"https:\/\/planor.pt\/\",\"logo\":{\"@type\":\"ImageObject\",\"inLanguage\":\"en-GB\",\"@id\":\"https:\/\/planor.pt\/#\/schema\/logo\/image\/\",\"url\":\"https:\/\/planor.pt\/wp-content\/uploads\/2025\/12\/planor_logo_white-e1764887385456.png\",\"contentUrl\":\"https:\/\/planor.pt\/wp-content\/uploads\/2025\/12\/planor_logo_white-e1764887385456.png\",\"width\":363,\"height\":87,\"caption\":\"Plano R\"},\"image\":{\"@id\":\"https:\/\/planor.pt\/#\/schema\/logo\/image\/\"},\"sameAs\":[\"https:\/\/www.facebook.com\/people\/Plano-R-Lda\/100063208450347\/\"]}]}<\/script>\n<!-- \/ Yoast SEO plugin. -->","yoast_head_json":{"title":"Contactos - Plano R","description":"Entre em contacto conosco hoje mesmo e obtenha respostas r\u00e1pidas e solu\u00e7\u00f5es personalizadas.\"","robots":{"index":"index","follow":"follow","max-snippet":"max-snippet:-1","max-image-preview":"max-image-preview:large","max-video-preview":"max-video-preview:-1"},"canonical":"https:\/\/planor.pt\/en\/contactos\/","og_locale":"en_GB","og_type":"article","og_title":"Contactos - Plano R","og_description":"Entre em contacto conosco hoje mesmo e obtenha respostas r\u00e1pidas e solu\u00e7\u00f5es personalizadas.\"","og_url":"https:\/\/planor.pt\/en\/contactos\/","og_site_name":"Plano R","article_publisher":"https:\/\/www.facebook.com\/people\/Plano-R-Lda\/100063208450347\/","article_modified_time":"2025-12-05T20:56:49+00:00","og_image":[{"url":"https:\/\/planor.pt\/wp-content\/plugins\/wpforms-lite\/assets\/images\/submit-spin.svg","type":"","width":"","height":""}],"twitter_card":"summary_large_image","twitter_misc":{"Estimated reading time":"1 minute"},"schema":{"@context":"https:\/\/schema.org","@graph":[{"@type":"WebPage","@id":"https:\/\/planor.pt\/contactos\/","url":"https:\/\/planor.pt\/contactos\/","name":"Contactos - Plano R","isPartOf":{"@id":"https:\/\/planor.pt\/#website"},"primaryImageOfPage":{"@id":"https:\/\/planor.pt\/contactos\/#primaryimage"},"image":{"@id":"https:\/\/planor.pt\/contactos\/#primaryimage"},"thumbnailUrl":"https:\/\/planor.pt\/wp-content\/plugins\/wpforms-lite\/assets\/images\/submit-spin.svg","datePublished":"2025-12-04T17:14:51+00:00","dateModified":"2025-12-05T20:56:49+00:00","description":"Entre em contacto conosco hoje mesmo e obtenha respostas r\u00e1pidas e solu\u00e7\u00f5es personalizadas.\"","breadcrumb":{"@id":"https:\/\/planor.pt\/contactos\/#breadcrumb"},"inLanguage":"en-GB","potentialAction":[{"@type":"ReadAction","target":["https:\/\/planor.pt\/contactos\/"]}]},{"@type":"ImageObject","inLanguage":"en-GB","@id":"https:\/\/planor.pt\/contactos\/#primaryimage","url":"https:\/\/planor.pt\/wp-content\/plugins\/wpforms-lite\/assets\/images\/submit-spin.svg","contentUrl":"https:\/\/planor.pt\/wp-content\/plugins\/wpforms-lite\/assets\/images\/submit-spin.svg"},{"@type":"BreadcrumbList","@id":"https:\/\/planor.pt\/contactos\/#breadcrumb","itemListElement":[{"@type":"ListItem","position":1,"name":"In\u00edcio","item":"https:\/\/planor.pt\/"},{"@type":"ListItem","position":2,"name":"Contactos"}]},{"@type":"WebSite","@id":"https:\/\/planor.pt\/#website","url":"https:\/\/planor.pt\/","name":"Plano R","description":"Instala\u00e7\u00e3o e Manuten\u00e7\u00e3o T\u00e9cnica, Lda.","publisher":{"@id":"https:\/\/planor.pt\/#organization"},"potentialAction":[{"@type":"SearchAction","target":{"@type":"EntryPoint","urlTemplate":"https:\/\/planor.pt\/?s={search_term_string}"},"query-input":{"@type":"PropertyValueSpecification","valueRequired":true,"valueName":"search_term_string"}}],"inLanguage":"en-GB"},{"@type":"Organization","@id":"https:\/\/planor.pt\/#organization","name":"Plano R","url":"https:\/\/planor.pt\/","logo":{"@type":"ImageObject","inLanguage":"en-GB","@id":"https:\/\/planor.pt\/#\/schema\/logo\/image\/","url":"https:\/\/planor.pt\/wp-content\/uploads\/2025\/12\/planor_logo_white-e1764887385456.png","contentUrl":"https:\/\/planor.pt\/wp-content\/uploads\/2025\/12\/planor_logo_white-e1764887385456.png","width":363,"height":87,"caption":"Plano R"},"image":{"@id":"https:\/\/planor.pt\/#\/schema\/logo\/image\/"},"sameAs":["https:\/\/www.facebook.com\/people\/Plano-R-Lda\/100063208450347\/"]}]}},"_links":{"self":[{"href":"https:\/\/planor.pt\/en\/wp-json\/wp\/v2\/pages\/132","targetHints":{"allow":["GET"]}}],"collection":[{"href":"https:\/\/planor.pt\/en\/wp-json\/wp\/v2\/pages"}],"about":[{"href":"https:\/\/planor.pt\/en\/wp-json\/wp\/v2\/types\/page"}],"author":[{"embeddable":true,"href":"https:\/\/planor.pt\/en\/wp-json\/wp\/v2\/users\/1"}],"replies":[{"embeddable":true,"href":"https:\/\/planor.pt\/en\/wp-json\/wp\/v2\/comments?post=132"}],"version-history":[{"count":25,"href":"https:\/\/planor.pt\/en\/wp-json\/wp\/v2\/pages\/132\/revisions"}],"predecessor-version":[{"id":319,"href":"https:\/\/planor.pt\/en\/wp-json\/wp\/v2\/pages\/132\/revisions\/319"}],"wp:attachment":[{"href":"https:\/\/planor.pt\/en\/wp-json\/wp\/v2\/media?parent=132"}],"curies":[{"name":"wp","href":"https:\/\/api.w.org\/{rel}","templated":true}]}}