{"id":128,"date":"2025-12-04T17:14:23","date_gmt":"2025-12-04T17:14:23","guid":{"rendered":"https:\/\/planor.pt\/?page_id=128"},"modified":"2025-12-05T20:57:35","modified_gmt":"2025-12-05T20:57:35","slug":"servicos","status":"publish","type":"page","link":"https:\/\/planor.pt\/en\/servicos\/","title":{"rendered":"Services"},"content":{"rendered":"<div data-elementor-type=\"wp-page\" data-elementor-id=\"128\" class=\"elementor elementor-128\">\n\t\t\t\t<div class=\"elementor-element elementor-element-deea358 e-flex e-con-boxed e-con e-parent\" data-id=\"deea358\" data-element_type=\"container\">\n\t\t\t\t\t<div class=\"e-con-inner\">\n\t\t\t\t<div class=\"elementor-element elementor-element-87cbb01 elementor-widget elementor-widget-heading\" data-id=\"87cbb01\" data-element_type=\"widget\" data-widget_type=\"heading.default\">\n\t\t\t\t\t<h1 class=\"elementor-heading-title elementor-size-default\">Services<\/h1>\t\t\t\t<\/div>\n\t\t\t\t\t<\/div>\n\t\t\t\t<\/div>\n\t\t<div class=\"elementor-element elementor-element-fd73fae e-grid e-con-boxed e-con e-parent\" data-id=\"fd73fae\" data-element_type=\"container\" data-settings=\"{&quot;background_background&quot;:&quot;classic&quot;}\">\n\t\t\t\t\t<div class=\"e-con-inner\">\n\t\t<div class=\"elementor-element elementor-element-5abf108 e-con-full e-flex e-con e-child\" data-id=\"5abf108\" data-element_type=\"container\" data-settings=\"{&quot;background_background&quot;:&quot;classic&quot;}\">\n\t\t\t\t<div class=\"elementor-element elementor-element-910de0d elementor-widget elementor-widget-heading\" data-id=\"910de0d\" data-element_type=\"widget\" data-widget_type=\"heading.default\">\n\t\t\t\t\t<h3 class=\"elementor-heading-title elementor-size-default\">Safety Projects and Plans<\/h3>\t\t\t\t<\/div>\n\t\t\t\t<div class=\"elementor-element elementor-element-b9e232c elementor-widget elementor-widget-text-editor\" data-id=\"b9e232c\" data-element_type=\"widget\" data-widget_type=\"text-editor.default\">\n\t\t\t\t\t\t\t\t\t<p>Preparation of fire safety projects and plans for buildings for all types of use and risk categories, in accordance with current legislation (Decree-Law 220\/2008 of 12 November and Ordinance 1532\/2008 of 29 December).\u2028We have specialised technicians who are duly certified by the ANPC \u2013 National Civil Protection Authority.<\/p>\t\t\t\t\t\t\t\t<\/div>\n\t\t\t\t<\/div>\n\t\t<div class=\"elementor-element elementor-element-b6e6f12 e-con-full e-flex e-con e-child\" data-id=\"b6e6f12\" data-element_type=\"container\" data-settings=\"{&quot;background_background&quot;:&quot;classic&quot;}\">\n\t\t\t\t<div class=\"elementor-element elementor-element-298519a elementor-widget elementor-widget-image\" data-id=\"298519a\" data-element_type=\"widget\" data-widget_type=\"image.default\">\n\t\t\t\t\t\t\t\t\t\t\t\t\t\t\t<img fetchpriority=\"high\" decoding=\"async\" width=\"500\" height=\"300\" src=\"https:\/\/planor.pt\/wp-content\/uploads\/2025\/12\/projectos.jpg\" class=\"attachment-large size-large wp-image-149\" alt=\"Quatro pessoas a discutir projectos.\" srcset=\"https:\/\/planor.pt\/wp-content\/uploads\/2025\/12\/projectos.jpg 500w, https:\/\/planor.pt\/wp-content\/uploads\/2025\/12\/projectos-300x180.jpg 300w, https:\/\/planor.pt\/wp-content\/uploads\/2025\/12\/projectos-18x12.jpg 18w\" sizes=\"(max-width: 500px) 100vw, 500px\" \/>\t\t\t\t\t\t\t\t\t\t\t\t\t\t\t<\/div>\n\t\t\t\t<\/div>\n\t\t\t\t\t<\/div>\n\t\t\t\t<\/div>\n\t\t<div class=\"elementor-element elementor-element-51e7880 e-flex e-con-boxed e-con e-parent\" data-id=\"51e7880\" data-element_type=\"container\">\n\t\t\t\t\t<div class=\"e-con-inner\">\n\t\t\t\t<div class=\"elementor-element elementor-element-bd1811c elementor-widget elementor-widget-spacer\" data-id=\"bd1811c\" data-element_type=\"widget\" data-widget_type=\"spacer.default\">\n\t\t\t\t\t\t\t<div class=\"elementor-spacer\">\n\t\t\t<div class=\"elementor-spacer-inner\"><\/div>\n\t\t<\/div>\n\t\t\t\t\t\t<\/div>\n\t\t\t\t\t<\/div>\n\t\t\t\t<\/div>\n\t\t<div class=\"elementor-element elementor-element-b74a23b e-grid e-con-boxed e-con e-parent\" data-id=\"b74a23b\" data-element_type=\"container\" data-settings=\"{&quot;background_background&quot;:&quot;classic&quot;}\">\n\t\t\t\t\t<div class=\"e-con-inner\">\n\t\t<div class=\"elementor-element elementor-element-681334b e-con-full e-flex e-con e-child\" data-id=\"681334b\" data-element_type=\"container\" data-settings=\"{&quot;background_background&quot;:&quot;classic&quot;}\">\n\t\t\t\t<div class=\"elementor-element elementor-element-5f00c94 elementor-widget elementor-widget-image\" data-id=\"5f00c94\" data-element_type=\"widget\" data-widget_type=\"image.default\">\n\t\t\t\t\t\t\t\t\t\t\t\t\t\t\t<img decoding=\"async\" width=\"500\" height=\"300\" src=\"https:\/\/planor.pt\/wp-content\/uploads\/2025\/12\/manutencao.jpg\" class=\"attachment-large size-large wp-image-150\" alt=\"Eletricistas testam a corrente el\u00e9trica no painel de controlo.\" srcset=\"https:\/\/planor.pt\/wp-content\/uploads\/2025\/12\/manutencao.jpg 500w, https:\/\/planor.pt\/wp-content\/uploads\/2025\/12\/manutencao-300x180.jpg 300w, https:\/\/planor.pt\/wp-content\/uploads\/2025\/12\/manutencao-18x12.jpg 18w\" sizes=\"(max-width: 500px) 100vw, 500px\" \/>\t\t\t\t\t\t\t\t\t\t\t\t\t\t\t<\/div>\n\t\t\t\t<\/div>\n\t\t<div class=\"elementor-element elementor-element-3106cd9 e-con-full e-flex e-con e-child\" data-id=\"3106cd9\" data-element_type=\"container\" data-settings=\"{&quot;background_background&quot;:&quot;classic&quot;}\">\n\t\t\t\t<div class=\"elementor-element elementor-element-a35bda4 elementor-widget elementor-widget-heading\" data-id=\"a35bda4\" data-element_type=\"widget\" data-widget_type=\"heading.default\">\n\t\t\t\t\t<h3 class=\"elementor-heading-title elementor-size-default\">Maintenance and Technical Assistance<\/h3>\t\t\t\t<\/div>\n\t\t\t\t<div class=\"elementor-element elementor-element-94c5be0 elementor-widget elementor-widget-text-editor\" data-id=\"94c5be0\" data-element_type=\"widget\" data-widget_type=\"text-editor.default\">\n\t\t\t\t\t\t\t\t\t<p>All systems must undergo proper maintenance to ensure they function perfectly throughout their useful life. Fire safety equipment and systems must undergo periodic maintenance in accordance with current legislation. If you do not have a maintenance contract with <strong>Plano R<\/strong> you can always call on our technical support services. We will respond in a timely manner so as not to compromise the safety of your establishment.<\/p>\t\t\t\t\t\t\t\t<\/div>\n\t\t\t\t<\/div>\n\t\t\t\t\t<\/div>\n\t\t\t\t<\/div>\n\t\t<div class=\"elementor-element elementor-element-181a6e4 e-flex e-con-boxed e-con e-parent\" data-id=\"181a6e4\" data-element_type=\"container\">\n\t\t\t\t\t<div class=\"e-con-inner\">\n\t\t\t\t<div class=\"elementor-element elementor-element-9a3237c elementor-widget elementor-widget-spacer\" data-id=\"9a3237c\" data-element_type=\"widget\" data-widget_type=\"spacer.default\">\n\t\t\t\t\t\t\t<div class=\"elementor-spacer\">\n\t\t\t<div class=\"elementor-spacer-inner\"><\/div>\n\t\t<\/div>\n\t\t\t\t\t\t<\/div>\n\t\t\t\t\t<\/div>\n\t\t\t\t<\/div>\n\t\t<div class=\"elementor-element elementor-element-49a17be e-grid e-con-boxed e-con e-parent\" data-id=\"49a17be\" data-element_type=\"container\" data-settings=\"{&quot;background_background&quot;:&quot;classic&quot;}\">\n\t\t\t\t\t<div class=\"e-con-inner\">\n\t\t<div class=\"elementor-element elementor-element-641c416 e-con-full e-flex e-con e-child\" data-id=\"641c416\" data-element_type=\"container\" data-settings=\"{&quot;background_background&quot;:&quot;classic&quot;}\">\n\t\t\t\t<div class=\"elementor-element elementor-element-8cff714 elementor-widget elementor-widget-heading\" data-id=\"8cff714\" data-element_type=\"widget\" data-widget_type=\"heading.default\">\n\t\t\t\t\t<h3 class=\"elementor-heading-title elementor-size-default\">Facilities<\/h3>\t\t\t\t<\/div>\n\t\t\t\t<div class=\"elementor-element elementor-element-2baacf8 elementor-widget elementor-widget-text-editor\" data-id=\"2baacf8\" data-element_type=\"widget\" data-widget_type=\"text-editor.default\">\n\t\t\t\t\t\t\t\t\t<p>A Plano R solution is implemented in the idealised installation, carried out by experienced technicians, always with the aim of providing a quality service.\u2028We carry out installations in all areas of electronic security (fire protection, CCTV, access control, intrusion). In order to guarantee customer satisfaction, we offer an after-sales service which, through direct contact with the technician responsible, provides a quick and effective response.<\/p>\t\t\t\t\t\t\t\t<\/div>\n\t\t\t\t<\/div>\n\t\t<div class=\"elementor-element elementor-element-c17c387 e-con-full e-flex e-con e-child\" data-id=\"c17c387\" data-element_type=\"container\" data-settings=\"{&quot;background_background&quot;:&quot;classic&quot;}\">\n\t\t\t\t<div class=\"elementor-element elementor-element-922bd05 elementor-widget elementor-widget-image\" data-id=\"922bd05\" data-element_type=\"widget\" data-widget_type=\"image.default\">\n\t\t\t\t\t\t\t\t\t\t\t\t\t\t\t<img decoding=\"async\" width=\"500\" height=\"300\" src=\"https:\/\/planor.pt\/wp-content\/uploads\/2025\/12\/instalacoes.jpg\" class=\"attachment-large size-large wp-image-151\" alt=\"Eletricista com ferramentas, a trabalhar num estaleiro de constru\u00e7\u00e3o.\" srcset=\"https:\/\/planor.pt\/wp-content\/uploads\/2025\/12\/instalacoes.jpg 500w, https:\/\/planor.pt\/wp-content\/uploads\/2025\/12\/instalacoes-300x180.jpg 300w, https:\/\/planor.pt\/wp-content\/uploads\/2025\/12\/instalacoes-18x12.jpg 18w\" sizes=\"(max-width: 500px) 100vw, 500px\" \/>\t\t\t\t\t\t\t\t\t\t\t\t\t\t\t<\/div>\n\t\t\t\t<\/div>\n\t\t\t\t\t<\/div>\n\t\t\t\t<\/div>\n\t\t<div class=\"elementor-element elementor-element-1707a41 e-flex e-con-boxed e-con e-parent\" data-id=\"1707a41\" data-element_type=\"container\">\n\t\t\t\t\t<div class=\"e-con-inner\">\n\t\t\t\t<div class=\"elementor-element elementor-element-a030258 elementor-widget elementor-widget-spacer\" data-id=\"a030258\" data-element_type=\"widget\" data-widget_type=\"spacer.default\">\n\t\t\t\t\t\t\t<div class=\"elementor-spacer\">\n\t\t\t<div class=\"elementor-spacer-inner\"><\/div>\n\t\t<\/div>\n\t\t\t\t\t\t<\/div>\n\t\t\t\t\t<\/div>\n\t\t\t\t<\/div>\n\t\t<div class=\"elementor-element elementor-element-b813267 e-grid e-con-boxed e-con e-parent\" data-id=\"b813267\" data-element_type=\"container\" data-settings=\"{&quot;background_background&quot;:&quot;classic&quot;}\">\n\t\t\t\t\t<div class=\"e-con-inner\">\n\t\t<div class=\"elementor-element elementor-element-a82bc21 e-con-full e-flex e-con e-child\" data-id=\"a82bc21\" data-element_type=\"container\" data-settings=\"{&quot;background_background&quot;:&quot;classic&quot;}\">\n\t\t\t\t<div class=\"elementor-element elementor-element-74b362c elementor-widget elementor-widget-image\" data-id=\"74b362c\" data-element_type=\"widget\" data-widget_type=\"image.default\">\n\t\t\t\t\t\t\t\t\t\t\t\t\t\t\t<img loading=\"lazy\" decoding=\"async\" width=\"500\" height=\"300\" src=\"https:\/\/planor.pt\/wp-content\/uploads\/2025\/12\/equipment.jpg\" class=\"attachment-large size-large wp-image-152\" alt=\"duas pessoas com capacetes\" srcset=\"https:\/\/planor.pt\/wp-content\/uploads\/2025\/12\/equipment.jpg 500w, https:\/\/planor.pt\/wp-content\/uploads\/2025\/12\/equipment-300x180.jpg 300w, https:\/\/planor.pt\/wp-content\/uploads\/2025\/12\/equipment-18x12.jpg 18w\" sizes=\"(max-width: 500px) 100vw, 500px\" \/>\t\t\t\t\t\t\t\t\t\t\t\t\t\t\t<\/div>\n\t\t\t\t<\/div>\n\t\t<div class=\"elementor-element elementor-element-83bcd2b e-con-full e-flex e-con e-child\" data-id=\"83bcd2b\" data-element_type=\"container\" data-settings=\"{&quot;background_background&quot;:&quot;classic&quot;}\">\n\t\t\t\t<div class=\"elementor-element elementor-element-6b52b73 elementor-widget elementor-widget-heading\" data-id=\"6b52b73\" data-element_type=\"widget\" data-widget_type=\"heading.default\">\n\t\t\t\t\t<h3 class=\"elementor-heading-title elementor-size-default\">Equipment Sales<\/h3>\t\t\t\t<\/div>\n\t\t\t\t<div class=\"elementor-element elementor-element-6189dd1 elementor-widget elementor-widget-text-editor\" data-id=\"6189dd1\" data-element_type=\"widget\" data-widget_type=\"text-editor.default\">\n\t\t\t\t\t\t\t\t\t<p>We sell all types of safety equipment. From personal and collective protective equipment, signage of all kinds, equipment for working at height, all types of firefighting equipment, etc.<br \/>\u2028<br \/><em>Please contact us for further information and quotations.<\/em><\/p>\t\t\t\t\t\t\t\t<\/div>\n\t\t\t\t<div class=\"elementor-element elementor-element-75813fd elementor-widget elementor-widget-button\" data-id=\"75813fd\" data-element_type=\"widget\" data-widget_type=\"button.default\">\n\t\t\t\t\t\t\t\t\t\t<a class=\"elementor-button elementor-button-link elementor-size-sm\" href=\"https:\/\/planor.pt\/en\/contactos\/\">\n\t\t\t\t\t\t<span class=\"elementor-button-content-wrapper\">\n\t\t\t\t\t\t\t\t\t<span class=\"elementor-button-text\">Contact us<\/span>\n\t\t\t\t\t<\/span>\n\t\t\t\t\t<\/a>\n\t\t\t\t\t\t\t\t<\/div>\n\t\t\t\t<\/div>\n\t\t\t\t\t<\/div>\n\t\t\t\t<\/div>\n\t\t\t\t<\/div>","protected":false},"excerpt":{"rendered":"<p>Servi\u00e7os Projectos e Planos de Seguran\u00e7a Elabora\u00e7\u00e3o de projetos e planos de seguran\u00e7a contra inc\u00eandio em edif\u00edcios para todas as [&hellip;]<\/p>","protected":false},"author":1,"featured_media":0,"parent":0,"menu_order":0,"comment_status":"closed","ping_status":"closed","template":"","meta":{"site-sidebar-layout":"no-sidebar","site-content-layout":"","ast-site-content-layout":"full-width-container","site-content-style":"default","site-sidebar-style":"default","ast-global-header-display":"","ast-banner-title-visibility":"","ast-main-header-display":"","ast-hfb-above-header-display":"","ast-hfb-below-header-display":"","ast-hfb-mobile-header-display":"","site-post-title":"disabled","ast-breadcrumbs-content":"","ast-featured-img":"disabled","footer-sml-layout":"","theme-transparent-header-meta":"","adv-header-id-meta":"","stick-header-meta":"","header-above-stick-meta":"","header-main-stick-meta":"","header-below-stick-meta":"","astra-migrate-meta-layouts":"default","ast-page-background-enabled":"default","ast-page-background-meta":{"desktop":{"background-color":"var(--ast-global-color-5)","background-image":"","background-repeat":"repeat","background-position":"center center","background-size":"auto","background-attachment":"scroll","background-type":"","background-media":"","overlay-type":"","overlay-color":"","overlay-opacity":"","overlay-gradient":""},"tablet":{"background-color":"","background-image":"","background-repeat":"repeat","background-position":"center center","background-size":"auto","background-attachment":"scroll","background-type":"","background-media":"","overlay-type":"","overlay-color":"","overlay-opacity":"","overlay-gradient":""},"mobile":{"background-color":"","background-image":"","background-repeat":"repeat","background-position":"center center","background-size":"auto","background-attachment":"scroll","background-type":"","background-media":"","overlay-type":"","overlay-color":"","overlay-opacity":"","overlay-gradient":""}},"ast-content-background-meta":{"desktop":{"background-color":"var(--ast-global-color-4)","background-image":"","background-repeat":"repeat","background-position":"center center","background-size":"auto","background-attachment":"scroll","background-type":"","background-media":"","overlay-type":"","overlay-color":"","overlay-opacity":"","overlay-gradient":""},"tablet":{"background-color":"var(--ast-global-color-4)","background-image":"","background-repeat":"repeat","background-position":"center center","background-size":"auto","background-attachment":"scroll","background-type":"","background-media":"","overlay-type":"","overlay-color":"","overlay-opacity":"","overlay-gradient":""},"mobile":{"background-color":"var(--ast-global-color-4)","background-image":"","background-repeat":"repeat","background-position":"center center","background-size":"auto","background-attachment":"scroll","background-type":"","background-media":"","overlay-type":"","overlay-color":"","overlay-opacity":"","overlay-gradient":""}},"footnotes":""},"class_list":["post-128","page","type-page","status-publish","hentry"],"yoast_head":"<!-- This site is optimized with the Yoast SEO plugin v26.5 - https:\/\/yoast.com\/wordpress\/plugins\/seo\/ -->\n<title>Servi\u00e7os - Plano R<\/title>\n<meta name=\"description\" content=\"Prestamos servi\u00e7os de seguran\u00e7a: projectos, manuten\u00e7\u00e3o, instala\u00e7\u00f5es e comercializa\u00e7\u00e3o de equipamentos.\" \/>\n<meta name=\"robots\" content=\"index, follow, max-snippet:-1, max-image-preview:large, max-video-preview:-1\" \/>\n<link rel=\"canonical\" href=\"https:\/\/planor.pt\/en\/servicos\/\" \/>\n<meta property=\"og:locale\" content=\"en_GB\" \/>\n<meta property=\"og:type\" content=\"article\" \/>\n<meta property=\"og:title\" content=\"Servi\u00e7os - Plano R\" \/>\n<meta property=\"og:description\" content=\"Prestamos servi\u00e7os de seguran\u00e7a: projectos, manuten\u00e7\u00e3o, instala\u00e7\u00f5es e comercializa\u00e7\u00e3o de equipamentos.\" \/>\n<meta property=\"og:url\" content=\"https:\/\/planor.pt\/en\/servicos\/\" \/>\n<meta property=\"og:site_name\" content=\"Plano R\" \/>\n<meta property=\"article:publisher\" content=\"https:\/\/www.facebook.com\/people\/Plano-R-Lda\/100063208450347\/\" \/>\n<meta property=\"article:modified_time\" content=\"2025-12-05T20:57:35+00:00\" \/>\n<meta property=\"og:image\" content=\"https:\/\/planor.pt\/wp-content\/uploads\/2025\/12\/projectos.jpg\" \/>\n<meta name=\"twitter:card\" content=\"summary_large_image\" \/>\n<meta name=\"twitter:label1\" content=\"Estimated reading time\" \/>\n\t<meta name=\"twitter:data1\" content=\"3 minutes\" \/>\n<script type=\"application\/ld+json\" class=\"yoast-schema-graph\">{\"@context\":\"https:\/\/schema.org\",\"@graph\":[{\"@type\":\"WebPage\",\"@id\":\"https:\/\/planor.pt\/servicos\/\",\"url\":\"https:\/\/planor.pt\/servicos\/\",\"name\":\"Servi\u00e7os - Plano R\",\"isPartOf\":{\"@id\":\"https:\/\/planor.pt\/#website\"},\"primaryImageOfPage\":{\"@id\":\"https:\/\/planor.pt\/servicos\/#primaryimage\"},\"image\":{\"@id\":\"https:\/\/planor.pt\/servicos\/#primaryimage\"},\"thumbnailUrl\":\"https:\/\/planor.pt\/wp-content\/uploads\/2025\/12\/projectos.jpg\",\"datePublished\":\"2025-12-04T17:14:23+00:00\",\"dateModified\":\"2025-12-05T20:57:35+00:00\",\"description\":\"Prestamos servi\u00e7os de seguran\u00e7a: projectos, manuten\u00e7\u00e3o, instala\u00e7\u00f5es e comercializa\u00e7\u00e3o de equipamentos.\",\"breadcrumb\":{\"@id\":\"https:\/\/planor.pt\/servicos\/#breadcrumb\"},\"inLanguage\":\"en-GB\",\"potentialAction\":[{\"@type\":\"ReadAction\",\"target\":[\"https:\/\/planor.pt\/servicos\/\"]}]},{\"@type\":\"ImageObject\",\"inLanguage\":\"en-GB\",\"@id\":\"https:\/\/planor.pt\/servicos\/#primaryimage\",\"url\":\"https:\/\/planor.pt\/wp-content\/uploads\/2025\/12\/projectos.jpg\",\"contentUrl\":\"https:\/\/planor.pt\/wp-content\/uploads\/2025\/12\/projectos.jpg\"},{\"@type\":\"BreadcrumbList\",\"@id\":\"https:\/\/planor.pt\/servicos\/#breadcrumb\",\"itemListElement\":[{\"@type\":\"ListItem\",\"position\":1,\"name\":\"In\u00edcio\",\"item\":\"https:\/\/planor.pt\/\"},{\"@type\":\"ListItem\",\"position\":2,\"name\":\"Servi\u00e7os\"}]},{\"@type\":\"WebSite\",\"@id\":\"https:\/\/planor.pt\/#website\",\"url\":\"https:\/\/planor.pt\/\",\"name\":\"Plano R\",\"description\":\"Instala\u00e7\u00e3o e Manuten\u00e7\u00e3o T\u00e9cnica, Lda.\",\"publisher\":{\"@id\":\"https:\/\/planor.pt\/#organization\"},\"potentialAction\":[{\"@type\":\"SearchAction\",\"target\":{\"@type\":\"EntryPoint\",\"urlTemplate\":\"https:\/\/planor.pt\/?s={search_term_string}\"},\"query-input\":{\"@type\":\"PropertyValueSpecification\",\"valueRequired\":true,\"valueName\":\"search_term_string\"}}],\"inLanguage\":\"en-GB\"},{\"@type\":\"Organization\",\"@id\":\"https:\/\/planor.pt\/#organization\",\"name\":\"Plano R\",\"url\":\"https:\/\/planor.pt\/\",\"logo\":{\"@type\":\"ImageObject\",\"inLanguage\":\"en-GB\",\"@id\":\"https:\/\/planor.pt\/#\/schema\/logo\/image\/\",\"url\":\"https:\/\/planor.pt\/wp-content\/uploads\/2025\/12\/planor_logo_white-e1764887385456.png\",\"contentUrl\":\"https:\/\/planor.pt\/wp-content\/uploads\/2025\/12\/planor_logo_white-e1764887385456.png\",\"width\":363,\"height\":87,\"caption\":\"Plano R\"},\"image\":{\"@id\":\"https:\/\/planor.pt\/#\/schema\/logo\/image\/\"},\"sameAs\":[\"https:\/\/www.facebook.com\/people\/Plano-R-Lda\/100063208450347\/\"]}]}<\/script>\n<!-- \/ Yoast SEO plugin. -->","yoast_head_json":{"title":"Servi\u00e7os - Plano R","description":"Prestamos servi\u00e7os de seguran\u00e7a: projectos, manuten\u00e7\u00e3o, instala\u00e7\u00f5es e comercializa\u00e7\u00e3o de equipamentos.","robots":{"index":"index","follow":"follow","max-snippet":"max-snippet:-1","max-image-preview":"max-image-preview:large","max-video-preview":"max-video-preview:-1"},"canonical":"https:\/\/planor.pt\/en\/servicos\/","og_locale":"en_GB","og_type":"article","og_title":"Servi\u00e7os - Plano R","og_description":"Prestamos servi\u00e7os de seguran\u00e7a: projectos, manuten\u00e7\u00e3o, instala\u00e7\u00f5es e comercializa\u00e7\u00e3o de equipamentos.","og_url":"https:\/\/planor.pt\/en\/servicos\/","og_site_name":"Plano R","article_publisher":"https:\/\/www.facebook.com\/people\/Plano-R-Lda\/100063208450347\/","article_modified_time":"2025-12-05T20:57:35+00:00","og_image":[{"url":"https:\/\/planor.pt\/wp-content\/uploads\/2025\/12\/projectos.jpg","type":"","width":"","height":""}],"twitter_card":"summary_large_image","twitter_misc":{"Estimated reading time":"3 minutes"},"schema":{"@context":"https:\/\/schema.org","@graph":[{"@type":"WebPage","@id":"https:\/\/planor.pt\/servicos\/","url":"https:\/\/planor.pt\/servicos\/","name":"Servi\u00e7os - Plano R","isPartOf":{"@id":"https:\/\/planor.pt\/#website"},"primaryImageOfPage":{"@id":"https:\/\/planor.pt\/servicos\/#primaryimage"},"image":{"@id":"https:\/\/planor.pt\/servicos\/#primaryimage"},"thumbnailUrl":"https:\/\/planor.pt\/wp-content\/uploads\/2025\/12\/projectos.jpg","datePublished":"2025-12-04T17:14:23+00:00","dateModified":"2025-12-05T20:57:35+00:00","description":"Prestamos servi\u00e7os de seguran\u00e7a: projectos, manuten\u00e7\u00e3o, instala\u00e7\u00f5es e comercializa\u00e7\u00e3o de equipamentos.","breadcrumb":{"@id":"https:\/\/planor.pt\/servicos\/#breadcrumb"},"inLanguage":"en-GB","potentialAction":[{"@type":"ReadAction","target":["https:\/\/planor.pt\/servicos\/"]}]},{"@type":"ImageObject","inLanguage":"en-GB","@id":"https:\/\/planor.pt\/servicos\/#primaryimage","url":"https:\/\/planor.pt\/wp-content\/uploads\/2025\/12\/projectos.jpg","contentUrl":"https:\/\/planor.pt\/wp-content\/uploads\/2025\/12\/projectos.jpg"},{"@type":"BreadcrumbList","@id":"https:\/\/planor.pt\/servicos\/#breadcrumb","itemListElement":[{"@type":"ListItem","position":1,"name":"In\u00edcio","item":"https:\/\/planor.pt\/"},{"@type":"ListItem","position":2,"name":"Servi\u00e7os"}]},{"@type":"WebSite","@id":"https:\/\/planor.pt\/#website","url":"https:\/\/planor.pt\/","name":"Plano R","description":"Instala\u00e7\u00e3o e Manuten\u00e7\u00e3o T\u00e9cnica, Lda.","publisher":{"@id":"https:\/\/planor.pt\/#organization"},"potentialAction":[{"@type":"SearchAction","target":{"@type":"EntryPoint","urlTemplate":"https:\/\/planor.pt\/?s={search_term_string}"},"query-input":{"@type":"PropertyValueSpecification","valueRequired":true,"valueName":"search_term_string"}}],"inLanguage":"en-GB"},{"@type":"Organization","@id":"https:\/\/planor.pt\/#organization","name":"Plano R","url":"https:\/\/planor.pt\/","logo":{"@type":"ImageObject","inLanguage":"en-GB","@id":"https:\/\/planor.pt\/#\/schema\/logo\/image\/","url":"https:\/\/planor.pt\/wp-content\/uploads\/2025\/12\/planor_logo_white-e1764887385456.png","contentUrl":"https:\/\/planor.pt\/wp-content\/uploads\/2025\/12\/planor_logo_white-e1764887385456.png","width":363,"height":87,"caption":"Plano R"},"image":{"@id":"https:\/\/planor.pt\/#\/schema\/logo\/image\/"},"sameAs":["https:\/\/www.facebook.com\/people\/Plano-R-Lda\/100063208450347\/"]}]}},"_links":{"self":[{"href":"https:\/\/planor.pt\/en\/wp-json\/wp\/v2\/pages\/128","targetHints":{"allow":["GET"]}}],"collection":[{"href":"https:\/\/planor.pt\/en\/wp-json\/wp\/v2\/pages"}],"about":[{"href":"https:\/\/planor.pt\/en\/wp-json\/wp\/v2\/types\/page"}],"author":[{"embeddable":true,"href":"https:\/\/planor.pt\/en\/wp-json\/wp\/v2\/users\/1"}],"replies":[{"embeddable":true,"href":"https:\/\/planor.pt\/en\/wp-json\/wp\/v2\/comments?post=128"}],"version-history":[{"count":25,"href":"https:\/\/planor.pt\/en\/wp-json\/wp\/v2\/pages\/128\/revisions"}],"predecessor-version":[{"id":310,"href":"https:\/\/planor.pt\/en\/wp-json\/wp\/v2\/pages\/128\/revisions\/310"}],"wp:attachment":[{"href":"https:\/\/planor.pt\/en\/wp-json\/wp\/v2\/media?parent=128"}],"curies":[{"name":"wp","href":"https:\/\/api.w.org\/{rel}","templated":true}]}}